{"id":3669,"date":"2020-02-12T09:00:49","date_gmt":"2020-02-12T09:00:49","guid":{"rendered":"https:\/\/www.evadavidova.cz\/en\/?page_id=3669"},"modified":"2023-03-21T10:05:37","modified_gmt":"2023-03-21T10:05:37","slug":"about-me","status":"publish","type":"page","link":"https:\/\/www.evadavidova.cz\/en\/about-me\/","title":{"rendered":"About Me"},"content":{"rendered":"<section class=\"wpb-content-wrapper\"><p>[vc_row equal_height=&#8220;yes&#8220; row_content_width=&#8220;grid&#8220;][vc_column offset=&#8220;vc_col-lg-5 vc_col-md-12 vc_col-xs-12&#8243; el_class=&#8220;colbg bgcenter mnhght220&#8243; css=&#8220;.vc_custom_1621596422641{background-image: url(https:\/\/www.evadavidova.cz\/en\/wp-content\/uploads\/2021\/03\/eva-davidova-design2.jpg?id=5098) !important;}&#8220;][\/vc_column][vc_column offset=&#8220;vc_col-lg-7 vc_col-md-12 vc_col-xs-12&#8243; css=&#8220;.vc_custom_1679393131904{padding-top: 0px !important;padding-right: 35px !important;padding-bottom: 0px !important;padding-left: 35px !important;}&#8220; el_class=&#8220;content&#8220;]<div class=\"eltdf-elements-holder   eltdf-two-columns  eltdf-responsive-mode-768 \" ><div class=\"eltdf-eh-item    \"  data-item-class=\"eltdf-eh-custom-5819\">\n\t<div class=\"eltdf-eh-item-inner\">\n\t\t<div class=\"eltdf-eh-item-content eltdf-eh-custom-5819\" >\n\t\t\t[vc_column_text]EVA DAVIDOV\u00c1 &#8211; Property Manager &#8211; Interior Designer &#8211; Construction Work Coordinator[\/vc_column_text]\t\t<\/div>\n\t<\/div>\n<\/div><div class=\"eltdf-eh-item    \"  data-item-class=\"eltdf-eh-custom-6566\">\n\t<div class=\"eltdf-eh-item-inner\">\n\t\t<div class=\"eltdf-eh-item-content eltdf-eh-custom-6566\" >\n\t\t\t\t\t<\/div>\n\t<\/div>\n<\/div><\/div><div class=\"eltdf-elements-holder   eltdf-two-columns  eltdf-responsive-mode-768 \" ><div class=\"eltdf-eh-item   eltdf-horizontal-alignment-center \"  data-item-class=\"eltdf-eh-custom-6551\">\n\t<div class=\"eltdf-eh-item-inner\">\n\t\t<div class=\"eltdf-eh-item-content eltdf-eh-custom-6551\" >\n\t\t\t[vc_empty_space height=&#8220;30px&#8220;]<div class=\"eltdf-counter-holder counter\">\n\t<div class=\"eltdf-counter-inner\">\n\t\t\t\t\t<span class=\"eltdf-counter eltdf-random-counter\" >1990<\/span>\n\t\t\t\t\t\t\t<\/div>\n<\/div>[vc_empty_space height=&#8220;30px&#8220;]\t\t<\/div>\n\t<\/div>\n<\/div><div class=\"eltdf-eh-item mobtleft   \"  data-item-class=\"eltdf-eh-custom-7192\">\n\t<div class=\"eltdf-eh-item-inner\">\n\t\t<div class=\"eltdf-eh-item-content eltdf-eh-custom-7192\" >\n\t\t\t[vc_column_text]<\/p>\n<p class=\"mobtleft\" style=\"text-align: right;\">Already in 1990, I fulfilled my childhood dream and opened my first Home Design shop in Prague 6, which gradually expanded to include an assortment of accessories, candles and interior decorations, fragrances and artificial flowers.<\/p>\n<p>[\/vc_column_text]\t\t<\/div>\n\t<\/div>\n<\/div><\/div><div class=\"eltdf-elements-holder mobswitch  eltdf-two-columns  eltdf-responsive-mode-768 \" ><div class=\"eltdf-eh-item    \"  data-item-class=\"eltdf-eh-custom-8198\">\n\t<div class=\"eltdf-eh-item-inner\">\n\t\t<div class=\"eltdf-eh-item-content eltdf-eh-custom-8198\" >\n\t\t\t[vc_column_text]I have always loved Real Estate and liked to modernize and rebuild it. Thanks to this Hobby, I started working in 2007 as a Property Manager of Residential Real Estate in Mal\u00e1 \u0160\u00e1rka and ORCO. Gradually, other Investors and Developers began to use my Services.[\/vc_column_text]\t\t<\/div>\n\t<\/div>\n<\/div><div class=\"eltdf-eh-item   eltdf-horizontal-alignment-center \"  data-item-class=\"eltdf-eh-custom-5419\">\n\t<div class=\"eltdf-eh-item-inner\">\n\t\t<div class=\"eltdf-eh-item-content eltdf-eh-custom-5419\" >\n\t\t\t[vc_empty_space height=&#8220;30px&#8220;]<div class=\"eltdf-counter-holder counter\">\n\t<div class=\"eltdf-counter-inner\">\n\t\t\t\t\t<span class=\"eltdf-counter eltdf-random-counter\" >2007<\/span>\n\t\t\t\t\t\t\t<\/div>\n<\/div>[vc_empty_space height=&#8220;30px&#8220;]\t\t<\/div>\n\t<\/div>\n<\/div><\/div><div class=\"eltdf-elements-holder   eltdf-two-columns  eltdf-responsive-mode-768 \" ><div class=\"eltdf-eh-item   eltdf-horizontal-alignment-center \"  data-item-class=\"eltdf-eh-custom-2152\">\n\t<div class=\"eltdf-eh-item-inner\">\n\t\t<div class=\"eltdf-eh-item-content eltdf-eh-custom-2152\" >\n\t\t\t[vc_empty_space height=&#8220;30px&#8220;]<div class=\"eltdf-counter-holder counter\">\n\t<div class=\"eltdf-counter-inner\">\n\t\t\t\t\t<span class=\"eltdf-counter eltdf-random-counter\" >2010 - 2015<\/span>\n\t\t\t\t\t\t\t<\/div>\n<\/div>[vc_empty_space height=&#8220;30px&#8220;]\t\t<\/div>\n\t<\/div>\n<\/div><div class=\"eltdf-eh-item    \"  data-item-class=\"eltdf-eh-custom-3615\">\n\t<div class=\"eltdf-eh-item-inner\">\n\t\t<div class=\"eltdf-eh-item-content eltdf-eh-custom-3615\" >\n\t\t\t[vc_column_text]<\/p>\n<p class=\"mobtleft\" style=\"text-align: right;\">Over time, I completed my technical and Real Estate education, and also completed two years of intensive Constellation training. When working with clients, this training helps me to tune in to family members, where together we create housing according to the requirements and satisfaction of all.<\/p>\n<p>[\/vc_column_text]\t\t<\/div>\n\t<\/div>\n<\/div><\/div><div class=\"eltdf-elements-holder mobswitch  eltdf-two-columns  eltdf-responsive-mode-768 \" ><div class=\"eltdf-eh-item    \"  data-item-class=\"eltdf-eh-custom-8329\">\n\t<div class=\"eltdf-eh-item-inner\">\n\t\t<div class=\"eltdf-eh-item-content eltdf-eh-custom-8329\" >\n\t\t\t[vc_column_text]<\/p>\n<p style=\"text-align: left;\">I started to devote myself fully to interior design and real estate renovations. Over time, I built a team of professionals who understand their craft. Today we provide our clients a prospering and complete property management services.<\/p>\n<p>[\/vc_column_text]\t\t<\/div>\n\t<\/div>\n<\/div><div class=\"eltdf-eh-item   eltdf-horizontal-alignment-center \"  data-item-class=\"eltdf-eh-custom-8653\">\n\t<div class=\"eltdf-eh-item-inner\">\n\t\t<div class=\"eltdf-eh-item-content eltdf-eh-custom-8653\" >\n\t\t\t[vc_empty_space height=&#8220;30px&#8220;]<div class=\"eltdf-counter-holder counter\">\n\t<div class=\"eltdf-counter-inner\">\n\t\t\t\t\t<span class=\"eltdf-counter eltdf-random-counter\" >20011 - now<\/span>\n\t\t\t\t\t\t\t<\/div>\n<\/div>[vc_empty_space height=&#8220;30px&#8220;]\t\t<\/div>\n\t<\/div>\n<\/div><\/div><div class=\"eltdf-elements-holder   eltdf-one-column  eltdf-responsive-mode-768 \" ><div class=\"eltdf-eh-item    \"  data-item-class=\"eltdf-eh-custom-9980\">\n\t<div class=\"eltdf-eh-item-inner\">\n\t\t<div class=\"eltdf-eh-item-content eltdf-eh-custom-9980\" >\n\t\t\t[vc_column_text]<\/p>\n<p style=\"text-align: left;\">In addition to activities in the field of interiors and real estate, I also founded my personal brand called <a href=\"https:\/\/www.haus-living.com\/\">CULIMI<\/a>. Under this brand, I launch unique and carefully selected household products that excel on the market in design and quality.<\/p>\n<p>[\/vc_column_text]\t\t<\/div>\n\t<\/div>\n<\/div><\/div>[\/vc_column][\/vc_row][vc_row][vc_column][vc_empty_space height=&#8220;100px&#8220;][\/vc_column][\/vc_row]<\/p>\n<\/section>","protected":false},"excerpt":{"rendered":"<p>[vc_row equal_height=&#8220;yes&#8220; row_content_width=&#8220;grid&#8220;][vc_column offset=&#8220;vc_col-lg-5 vc_col-md-12 vc_col-xs-12&#8243; el_class=&#8220;colbg bgcenter mnhght220&#8243; css=&#8220;.vc_custom_1621596422641{background-image: url(https:\/\/www.evadavidova.cz\/en\/wp-content\/uploads\/2021\/03\/eva-davidova-design2.jpg?id=5098) !important;}&#8220;][\/vc_column][vc_column offset=&#8220;vc_col-lg-7 vc_col-md-12 vc_col-xs-12&#8243; css=&#8220;.vc_custom_1679393131904{padding-top: 0px !important;padding-right: 35px !important;padding-bottom: 0px !important;padding-left: 35px !important;}&#8220; el_class=&#8220;content&#8220;][\/vc_column][\/vc_row][vc_row][vc_column][vc_empty_space height=&#8220;100px&#8220;][\/vc_column][\/vc_row]<\/p>\n","protected":false},"author":1,"featured_media":0,"parent":0,"menu_order":0,"comment_status":"closed","ping_status":"closed","template":"full-width.php","meta":{"footnotes":""},"class_list":["post-3669","page","type-page","status-publish","hentry"],"yoast_head":"<!-- This site is optimized with the Yoast SEO plugin v26.8 - https:\/\/yoast.com\/product\/yoast-seo-wordpress\/ -->\n<title>About Me - Eva Davidov\u00e1<\/title>\n<meta name=\"description\" content=\"Eva Davidov\u00e1 \u2013 bytov\u00e1 designerka \u2013 spr\u00e1vce reziden\u010dn\u00edch nemovitost\u00ed \u2013 osobn\u00ed poradce p\u0159i v\u00fdb\u011bru a n\u00e1kupu\" \/>\n<meta name=\"robots\" content=\"index, follow, max-snippet:-1, max-image-preview:large, max-video-preview:-1\" \/>\n<link rel=\"canonical\" href=\"https:\/\/www.evadavidova.cz\/en\/about-me\/\" \/>\n<meta property=\"og:locale\" content=\"cs_CZ\" \/>\n<meta property=\"og:type\" content=\"article\" \/>\n<meta property=\"og:title\" content=\"About Me - Eva Davidov\u00e1\" \/>\n<meta property=\"og:description\" content=\"Eva Davidov\u00e1 \u2013 bytov\u00e1 designerka \u2013 spr\u00e1vce reziden\u010dn\u00edch nemovitost\u00ed \u2013 osobn\u00ed poradce p\u0159i v\u00fdb\u011bru a n\u00e1kupu\" \/>\n<meta property=\"og:url\" content=\"https:\/\/www.evadavidova.cz\/en\/about-me\/\" \/>\n<meta property=\"og:site_name\" content=\"Eva Davidov\u00e1\" \/>\n<meta property=\"article:publisher\" content=\"https:\/\/www.facebook.com\/rekonstrukcekuchyne\" \/>\n<meta property=\"article:modified_time\" content=\"2023-03-21T10:05:37+00:00\" \/>\n<meta name=\"twitter:card\" content=\"summary_large_image\" \/>\n<meta name=\"twitter:label1\" content=\"Odhadovan\u00e1 doba \u010dten\u00ed\" \/>\n\t<meta name=\"twitter:data1\" content=\"2 minuty\" \/>\n<script type=\"application\/ld+json\" class=\"yoast-schema-graph\">{\"@context\":\"https:\/\/schema.org\",\"@graph\":[{\"@type\":\"WebPage\",\"@id\":\"https:\/\/www.evadavidova.cz\/en\/about-me\/\",\"url\":\"https:\/\/www.evadavidova.cz\/en\/about-me\/\",\"name\":\"About Me - Eva Davidov\u00e1\",\"isPartOf\":{\"@id\":\"https:\/\/www.evadavidova.cz\/en\/#website\"},\"datePublished\":\"2020-02-12T09:00:49+00:00\",\"dateModified\":\"2023-03-21T10:05:37+00:00\",\"description\":\"Eva Davidov\u00e1 \u2013 bytov\u00e1 designerka \u2013 spr\u00e1vce reziden\u010dn\u00edch nemovitost\u00ed \u2013 osobn\u00ed poradce p\u0159i v\u00fdb\u011bru a n\u00e1kupu\",\"breadcrumb\":{\"@id\":\"https:\/\/www.evadavidova.cz\/en\/about-me\/#breadcrumb\"},\"inLanguage\":\"cs\",\"potentialAction\":[{\"@type\":\"ReadAction\",\"target\":[\"https:\/\/www.evadavidova.cz\/en\/about-me\/\"]}]},{\"@type\":\"BreadcrumbList\",\"@id\":\"https:\/\/www.evadavidova.cz\/en\/about-me\/#breadcrumb\",\"itemListElement\":[{\"@type\":\"ListItem\",\"position\":1,\"name\":\"Startseite\",\"item\":\"https:\/\/www.evadavidova.cz\/en\/\"},{\"@type\":\"ListItem\",\"position\":2,\"name\":\"About Me\"}]},{\"@type\":\"WebSite\",\"@id\":\"https:\/\/www.evadavidova.cz\/en\/#website\",\"url\":\"https:\/\/www.evadavidova.cz\/en\/\",\"name\":\"Eva Davidov\u00e1\",\"description\":\"Interi\u00e9rov\u00fd design a spr\u00e1va nemovitost\u00ed.\",\"publisher\":{\"@id\":\"https:\/\/www.evadavidova.cz\/en\/#organization\"},\"potentialAction\":[{\"@type\":\"SearchAction\",\"target\":{\"@type\":\"EntryPoint\",\"urlTemplate\":\"https:\/\/www.evadavidova.cz\/en\/?s={search_term_string}\"},\"query-input\":{\"@type\":\"PropertyValueSpecification\",\"valueRequired\":true,\"valueName\":\"search_term_string\"}}],\"inLanguage\":\"cs\"},{\"@type\":\"Organization\",\"@id\":\"https:\/\/www.evadavidova.cz\/en\/#organization\",\"name\":\"Eva Davidov\u00e1\",\"url\":\"https:\/\/www.evadavidova.cz\/en\/\",\"logo\":{\"@type\":\"ImageObject\",\"inLanguage\":\"cs\",\"@id\":\"https:\/\/www.evadavidova.cz\/en\/#\/schema\/logo\/image\/\",\"url\":\"https:\/\/www.evadavidova.cz\/en\/wp-content\/uploads\/2020\/02\/hausliving-logo.png\",\"contentUrl\":\"https:\/\/www.evadavidova.cz\/en\/wp-content\/uploads\/2020\/02\/hausliving-logo.png\",\"width\":391,\"height\":74,\"caption\":\"Eva Davidov\u00e1\"},\"image\":{\"@id\":\"https:\/\/www.evadavidova.cz\/en\/#\/schema\/logo\/image\/\"},\"sameAs\":[\"https:\/\/www.facebook.com\/rekonstrukcekuchyne\",\"https:\/\/www.linkedin.com\/in\/evadavidov\/\",\"https:\/\/www.pinterest.com\/hausliving\/\"]}]}<\/script>\n<!-- \/ Yoast SEO plugin. -->","yoast_head_json":{"title":"About Me - Eva Davidov\u00e1","description":"Eva Davidov\u00e1 \u2013 bytov\u00e1 designerka \u2013 spr\u00e1vce reziden\u010dn\u00edch nemovitost\u00ed \u2013 osobn\u00ed poradce p\u0159i v\u00fdb\u011bru a n\u00e1kupu","robots":{"index":"index","follow":"follow","max-snippet":"max-snippet:-1","max-image-preview":"max-image-preview:large","max-video-preview":"max-video-preview:-1"},"canonical":"https:\/\/www.evadavidova.cz\/en\/about-me\/","og_locale":"cs_CZ","og_type":"article","og_title":"About Me - Eva Davidov\u00e1","og_description":"Eva Davidov\u00e1 \u2013 bytov\u00e1 designerka \u2013 spr\u00e1vce reziden\u010dn\u00edch nemovitost\u00ed \u2013 osobn\u00ed poradce p\u0159i v\u00fdb\u011bru a n\u00e1kupu","og_url":"https:\/\/www.evadavidova.cz\/en\/about-me\/","og_site_name":"Eva Davidov\u00e1","article_publisher":"https:\/\/www.facebook.com\/rekonstrukcekuchyne","article_modified_time":"2023-03-21T10:05:37+00:00","twitter_card":"summary_large_image","twitter_misc":{"Odhadovan\u00e1 doba \u010dten\u00ed":"2 minuty"},"schema":{"@context":"https:\/\/schema.org","@graph":[{"@type":"WebPage","@id":"https:\/\/www.evadavidova.cz\/en\/about-me\/","url":"https:\/\/www.evadavidova.cz\/en\/about-me\/","name":"About Me - Eva Davidov\u00e1","isPartOf":{"@id":"https:\/\/www.evadavidova.cz\/en\/#website"},"datePublished":"2020-02-12T09:00:49+00:00","dateModified":"2023-03-21T10:05:37+00:00","description":"Eva Davidov\u00e1 \u2013 bytov\u00e1 designerka \u2013 spr\u00e1vce reziden\u010dn\u00edch nemovitost\u00ed \u2013 osobn\u00ed poradce p\u0159i v\u00fdb\u011bru a n\u00e1kupu","breadcrumb":{"@id":"https:\/\/www.evadavidova.cz\/en\/about-me\/#breadcrumb"},"inLanguage":"cs","potentialAction":[{"@type":"ReadAction","target":["https:\/\/www.evadavidova.cz\/en\/about-me\/"]}]},{"@type":"BreadcrumbList","@id":"https:\/\/www.evadavidova.cz\/en\/about-me\/#breadcrumb","itemListElement":[{"@type":"ListItem","position":1,"name":"Startseite","item":"https:\/\/www.evadavidova.cz\/en\/"},{"@type":"ListItem","position":2,"name":"About Me"}]},{"@type":"WebSite","@id":"https:\/\/www.evadavidova.cz\/en\/#website","url":"https:\/\/www.evadavidova.cz\/en\/","name":"Eva Davidov\u00e1","description":"Interi\u00e9rov\u00fd design a spr\u00e1va nemovitost\u00ed.","publisher":{"@id":"https:\/\/www.evadavidova.cz\/en\/#organization"},"potentialAction":[{"@type":"SearchAction","target":{"@type":"EntryPoint","urlTemplate":"https:\/\/www.evadavidova.cz\/en\/?s={search_term_string}"},"query-input":{"@type":"PropertyValueSpecification","valueRequired":true,"valueName":"search_term_string"}}],"inLanguage":"cs"},{"@type":"Organization","@id":"https:\/\/www.evadavidova.cz\/en\/#organization","name":"Eva Davidov\u00e1","url":"https:\/\/www.evadavidova.cz\/en\/","logo":{"@type":"ImageObject","inLanguage":"cs","@id":"https:\/\/www.evadavidova.cz\/en\/#\/schema\/logo\/image\/","url":"https:\/\/www.evadavidova.cz\/en\/wp-content\/uploads\/2020\/02\/hausliving-logo.png","contentUrl":"https:\/\/www.evadavidova.cz\/en\/wp-content\/uploads\/2020\/02\/hausliving-logo.png","width":391,"height":74,"caption":"Eva Davidov\u00e1"},"image":{"@id":"https:\/\/www.evadavidova.cz\/en\/#\/schema\/logo\/image\/"},"sameAs":["https:\/\/www.facebook.com\/rekonstrukcekuchyne","https:\/\/www.linkedin.com\/in\/evadavidov\/","https:\/\/www.pinterest.com\/hausliving\/"]}]}},"_links":{"self":[{"href":"https:\/\/www.evadavidova.cz\/en\/wp-json\/wp\/v2\/pages\/3669","targetHints":{"allow":["GET"]}}],"collection":[{"href":"https:\/\/www.evadavidova.cz\/en\/wp-json\/wp\/v2\/pages"}],"about":[{"href":"https:\/\/www.evadavidova.cz\/en\/wp-json\/wp\/v2\/types\/page"}],"author":[{"embeddable":true,"href":"https:\/\/www.evadavidova.cz\/en\/wp-json\/wp\/v2\/users\/1"}],"replies":[{"embeddable":true,"href":"https:\/\/www.evadavidova.cz\/en\/wp-json\/wp\/v2\/comments?post=3669"}],"version-history":[{"count":93,"href":"https:\/\/www.evadavidova.cz\/en\/wp-json\/wp\/v2\/pages\/3669\/revisions"}],"predecessor-version":[{"id":5710,"href":"https:\/\/www.evadavidova.cz\/en\/wp-json\/wp\/v2\/pages\/3669\/revisions\/5710"}],"wp:attachment":[{"href":"https:\/\/www.evadavidova.cz\/en\/wp-json\/wp\/v2\/media?parent=3669"}],"curies":[{"name":"wp","href":"https:\/\/api.w.org\/{rel}","templated":true}]}}