{"id":2270,"date":"2018-03-19T14:06:38","date_gmt":"2018-03-19T14:06:38","guid":{"rendered":"http:\/\/calla.elated-themes.com\/?page_id=751"},"modified":"2022-01-06T15:54:30","modified_gmt":"2022-01-06T15:54:30","slug":"contact","status":"publish","type":"page","link":"https:\/\/www.evadavidova.cz\/en\/contact\/","title":{"rendered":"Contact"},"content":{"rendered":"<section class=\"wpb-content-wrapper\"><p>[vc_row row_content_width=&#8220;grid&#8220; content_text_aligment=&#8220;center&#8220; css=&#8220;.vc_custom_1521473523021{padding-bottom: 11px !important;}&#8220;][vc_column][vc_column_text]<\/p>\n<h3>Would you like Re-DESIGN your Home, RENT or SALE Property ?<br \/>\nI will be happy to help you. I look forward to your message.<\/h3>\n<p>[\/vc_column_text]<div class=\"eltdf-separator-holder clearfix  eltdf-separator-center \" style=\"margin-top: 20px;margin-bottom: 19px\">\n\t\t<div class=\"eltdf-separator\" ><\/div>\n\t\t\t<span class=\"eltdf-separator-icon\" >\n\t\t\t\n\t\t<\/span>\n\t\t\t\t\t<div class=\"eltdf-separator\" ><\/div>\n\t\t\t<\/div>\n[\/vc_column][\/vc_row][vc_row][vc_column][vc_column_text][\/vc_column_text][\/vc_column][\/vc_row][vc_row row_content_width=&#8220;grid&#8220; css=&#8220;.vc_custom_1566753829162{padding-bottom: 130px !important;}&#8220;][vc_column]<div class=\"eltdf-elements-holder   eltdf-one-column  eltdf-responsive-mode-768 \" ><div class=\"eltdf-eh-item   eltdf-horizontal-alignment-center \"  data-item-class=\"eltdf-eh-custom-9421\" data-1280-1600=\"0 64px\" data-1024-1280=\"0 64px\" data-768-1024=\"0 0\" data-680-768=\"0 0\" data-680=\"0 0\">\n\t<div class=\"eltdf-eh-item-inner\">\n\t\t<div class=\"eltdf-eh-item-content eltdf-eh-custom-9421\" style=\"padding: 0 164px\">\n\t\t\t\n<div class=\"wpcf7 no-js\" id=\"wpcf7-f2271-o1\" lang=\"en-US\" dir=\"ltr\" data-wpcf7-id=\"2271\">\n<div class=\"screen-reader-response\"><p role=\"status\" aria-live=\"polite\" aria-atomic=\"true\"><\/p> <ul><\/ul><\/div>\n<form action=\"\/en\/wp-json\/wp\/v2\/pages\/2270#wpcf7-f2271-o1\" method=\"post\" class=\"wpcf7-form init cf7_custom_style_2\" aria-label=\"Contact form\" novalidate=\"novalidate\" data-status=\"init\">\n<fieldset class=\"hidden-fields-container\"><input type=\"hidden\" name=\"_wpcf7\" value=\"2271\" \/><input type=\"hidden\" name=\"_wpcf7_version\" value=\"6.1.4\" \/><input type=\"hidden\" name=\"_wpcf7_locale\" value=\"en_US\" \/><input type=\"hidden\" name=\"_wpcf7_unit_tag\" value=\"wpcf7-f2271-o1\" \/><input type=\"hidden\" name=\"_wpcf7_container_post\" value=\"0\" \/><input type=\"hidden\" name=\"_wpcf7_posted_data_hash\" value=\"\" \/><input type=\"hidden\" name=\"_wpcf7_recaptcha_response\" value=\"\" \/>\n<\/fieldset>\n<div class=\"eltdf-grid-row eltdf-grid-small-gutter\">\n\t<div class=\"eltdf-grid-col-4\">\n\t\t<p><span class=\"wpcf7-form-control-wrap\" data-name=\"your-name\"><input size=\"40\" maxlength=\"400\" class=\"wpcf7-form-control wpcf7-text wpcf7-validates-as-required\" aria-required=\"true\" aria-invalid=\"false\" placeholder=\"Name\" value=\"\" type=\"text\" name=\"your-name\" \/><\/span>\n\t\t<\/p>\n\t<\/div>\n\t<div class=\"eltdf-grid-col-4\">\n\t\t<p><span class=\"wpcf7-form-control-wrap\" data-name=\"your-email\"><input size=\"40\" maxlength=\"400\" class=\"wpcf7-form-control wpcf7-email wpcf7-validates-as-required wpcf7-text wpcf7-validates-as-email\" aria-required=\"true\" aria-invalid=\"false\" placeholder=\"E-mail\" value=\"\" type=\"email\" name=\"your-email\" \/><\/span>\n\t\t<\/p>\n\t<\/div>\n\t<div class=\"eltdf-grid-col-4\">\n\t\t<p><span class=\"wpcf7-form-control-wrap\" data-name=\"telephone\"><input size=\"40\" maxlength=\"400\" class=\"wpcf7-form-control wpcf7-text wpcf7-validates-as-required\" aria-required=\"true\" aria-invalid=\"false\" placeholder=\"Phone number\" value=\"\" type=\"text\" name=\"telephone\" \/><\/span>\n\t\t<\/p>\n\t<\/div>\n<\/div>\n<p><span class=\"wpcf7-form-control-wrap\" data-name=\"your-message\"><textarea cols=\"40\" rows=\"10\" maxlength=\"2000\" class=\"wpcf7-form-control wpcf7-textarea\" aria-invalid=\"false\" placeholder=\"Write your message here...\" name=\"your-message\"><\/textarea><\/span>\n<\/p>\n<p><input class=\"wpcf7-form-control wpcf7-submit has-spinner\" type=\"submit\" value=\"SEND\" \/>\n<\/p><div class=\"wpcf7-response-output\" aria-hidden=\"true\"><\/div>\n<\/form>\n<\/div>\n\t\t<\/div>\n\t<\/div>\n<\/div><\/div>[vc_custom_heading text=&#8220;e.davidova@haus-living.cz&#8220; font_container=&#8220;tag:h3|text_align:center&#8220; use_theme_fonts=&#8220;yes&#8220; css=&#8220;.vc_custom_1595668285262{margin-top: 80px !important;margin-bottom: 0px !important;}&#8220;][vc_column_text]<\/p>\n<p style=\"text-align: center;\">Phone: +420 724 882 277<\/p>\n<p>[\/vc_column_text][\/vc_column][\/vc_row]<\/p>\n<\/section>","protected":false},"excerpt":{"rendered":"<p>[vc_row row_content_width=&#8220;grid&#8220; content_text_aligment=&#8220;center&#8220; css=&#8220;.vc_custom_1521473523021{padding-bottom: 11px !important;}&#8220;][vc_column][vc_column_text] Would you like Re-DESIGN your Home, RENT or SALE Property ? I will be happy to help you. I look forward to your message. [\/vc_column_text][\/vc_column][\/vc_row][vc_row][vc_column][vc_column_text][\/vc_column_text][\/vc_column][\/vc_row][vc_row row_content_width=&#8220;grid&#8220; css=&#8220;.vc_custom_1566753829162{padding-bottom: 130px !important;}&#8220;][vc_column][vc_custom_heading text=&#8220;e.davidova@haus-living.cz&#8220; font_container=&#8220;tag:h3|text_align:center&#8220; use_theme_fonts=&#8220;yes&#8220; css=&#8220;.vc_custom_1595668285262{margin-top: 80px [&hellip;]<\/p>\n","protected":false},"author":1,"featured_media":0,"parent":0,"menu_order":0,"comment_status":"closed","ping_status":"closed","template":"full-width.php","meta":{"footnotes":""},"class_list":["post-2270","page","type-page","status-publish","hentry"],"yoast_head":"<!-- This site is optimized with the Yoast SEO plugin v26.8 - https:\/\/yoast.com\/product\/yoast-seo-wordpress\/ -->\n<title>Contact - Eva Davidov\u00e1<\/title>\n<meta name=\"robots\" content=\"index, follow, max-snippet:-1, max-image-preview:large, max-video-preview:-1\" \/>\n<link rel=\"canonical\" href=\"https:\/\/www.evadavidova.cz\/en\/contact\/\" \/>\n<meta property=\"og:locale\" content=\"cs_CZ\" \/>\n<meta property=\"og:type\" content=\"article\" \/>\n<meta property=\"og:title\" content=\"Contact - Eva Davidov\u00e1\" \/>\n<meta property=\"og:description\" content=\"[vc_row row_content_width=&#8220;grid&#8220; content_text_aligment=&#8220;center&#8220; css=&#8220;.vc_custom_1521473523021{padding-bottom: 11px !important;}&#8220;][vc_column][vc_column_text] Would you like Re-DESIGN your Home, RENT or SALE Property ? I will be happy to help you. I look forward to your message. [\/vc_column_text][\/vc_column][\/vc_row][vc_row][vc_column][vc_column_text][\/vc_column_text][\/vc_column][\/vc_row][vc_row row_content_width=&#8220;grid&#8220; css=&#8220;.vc_custom_1566753829162{padding-bottom: 130px !important;}&#8220;][vc_column][vc_custom_heading text=&#8220;e.davidova@haus-living.cz&#8220; font_container=&#8220;tag:h3|text_align:center&#8220; use_theme_fonts=&#8220;yes&#8220; css=&#8220;.vc_custom_1595668285262{margin-top: 80px [&hellip;]\" \/>\n<meta property=\"og:url\" content=\"https:\/\/www.evadavidova.cz\/en\/contact\/\" \/>\n<meta property=\"og:site_name\" content=\"Eva Davidov\u00e1\" \/>\n<meta property=\"article:publisher\" content=\"https:\/\/www.facebook.com\/rekonstrukcekuchyne\" \/>\n<meta property=\"article:modified_time\" content=\"2022-01-06T15:54:30+00:00\" \/>\n<meta name=\"twitter:card\" content=\"summary_large_image\" \/>\n<meta name=\"twitter:label1\" content=\"Odhadovan\u00e1 doba \u010dten\u00ed\" \/>\n\t<meta name=\"twitter:data1\" content=\"1 minuta\" \/>\n<script type=\"application\/ld+json\" class=\"yoast-schema-graph\">{\"@context\":\"https:\/\/schema.org\",\"@graph\":[{\"@type\":\"WebPage\",\"@id\":\"https:\/\/www.evadavidova.cz\/en\/contact\/\",\"url\":\"https:\/\/www.evadavidova.cz\/en\/contact\/\",\"name\":\"Contact - Eva Davidov\u00e1\",\"isPartOf\":{\"@id\":\"https:\/\/www.evadavidova.cz\/en\/#website\"},\"datePublished\":\"2018-03-19T14:06:38+00:00\",\"dateModified\":\"2022-01-06T15:54:30+00:00\",\"breadcrumb\":{\"@id\":\"https:\/\/www.evadavidova.cz\/en\/contact\/#breadcrumb\"},\"inLanguage\":\"cs\",\"potentialAction\":[{\"@type\":\"ReadAction\",\"target\":[\"https:\/\/www.evadavidova.cz\/en\/contact\/\"]}]},{\"@type\":\"BreadcrumbList\",\"@id\":\"https:\/\/www.evadavidova.cz\/en\/contact\/#breadcrumb\",\"itemListElement\":[{\"@type\":\"ListItem\",\"position\":1,\"name\":\"Startseite\",\"item\":\"https:\/\/www.evadavidova.cz\/en\/\"},{\"@type\":\"ListItem\",\"position\":2,\"name\":\"Contact\"}]},{\"@type\":\"WebSite\",\"@id\":\"https:\/\/www.evadavidova.cz\/en\/#website\",\"url\":\"https:\/\/www.evadavidova.cz\/en\/\",\"name\":\"Eva Davidov\u00e1\",\"description\":\"Interi\u00e9rov\u00fd design a spr\u00e1va nemovitost\u00ed.\",\"publisher\":{\"@id\":\"https:\/\/www.evadavidova.cz\/en\/#organization\"},\"potentialAction\":[{\"@type\":\"SearchAction\",\"target\":{\"@type\":\"EntryPoint\",\"urlTemplate\":\"https:\/\/www.evadavidova.cz\/en\/?s={search_term_string}\"},\"query-input\":{\"@type\":\"PropertyValueSpecification\",\"valueRequired\":true,\"valueName\":\"search_term_string\"}}],\"inLanguage\":\"cs\"},{\"@type\":\"Organization\",\"@id\":\"https:\/\/www.evadavidova.cz\/en\/#organization\",\"name\":\"Eva Davidov\u00e1\",\"url\":\"https:\/\/www.evadavidova.cz\/en\/\",\"logo\":{\"@type\":\"ImageObject\",\"inLanguage\":\"cs\",\"@id\":\"https:\/\/www.evadavidova.cz\/en\/#\/schema\/logo\/image\/\",\"url\":\"https:\/\/www.evadavidova.cz\/en\/wp-content\/uploads\/2020\/02\/hausliving-logo.png\",\"contentUrl\":\"https:\/\/www.evadavidova.cz\/en\/wp-content\/uploads\/2020\/02\/hausliving-logo.png\",\"width\":391,\"height\":74,\"caption\":\"Eva Davidov\u00e1\"},\"image\":{\"@id\":\"https:\/\/www.evadavidova.cz\/en\/#\/schema\/logo\/image\/\"},\"sameAs\":[\"https:\/\/www.facebook.com\/rekonstrukcekuchyne\",\"https:\/\/www.linkedin.com\/in\/evadavidov\/\",\"https:\/\/www.pinterest.com\/hausliving\/\"]}]}<\/script>\n<!-- \/ Yoast SEO plugin. -->","yoast_head_json":{"title":"Contact - Eva Davidov\u00e1","robots":{"index":"index","follow":"follow","max-snippet":"max-snippet:-1","max-image-preview":"max-image-preview:large","max-video-preview":"max-video-preview:-1"},"canonical":"https:\/\/www.evadavidova.cz\/en\/contact\/","og_locale":"cs_CZ","og_type":"article","og_title":"Contact - Eva Davidov\u00e1","og_description":"[vc_row row_content_width=&#8220;grid&#8220; content_text_aligment=&#8220;center&#8220; css=&#8220;.vc_custom_1521473523021{padding-bottom: 11px !important;}&#8220;][vc_column][vc_column_text] Would you like Re-DESIGN your Home, RENT or SALE Property ? I will be happy to help you. I look forward to your message. [\/vc_column_text][\/vc_column][\/vc_row][vc_row][vc_column][vc_column_text][\/vc_column_text][\/vc_column][\/vc_row][vc_row row_content_width=&#8220;grid&#8220; css=&#8220;.vc_custom_1566753829162{padding-bottom: 130px !important;}&#8220;][vc_column][vc_custom_heading text=&#8220;e.davidova@haus-living.cz&#8220; font_container=&#8220;tag:h3|text_align:center&#8220; use_theme_fonts=&#8220;yes&#8220; css=&#8220;.vc_custom_1595668285262{margin-top: 80px [&hellip;]","og_url":"https:\/\/www.evadavidova.cz\/en\/contact\/","og_site_name":"Eva Davidov\u00e1","article_publisher":"https:\/\/www.facebook.com\/rekonstrukcekuchyne","article_modified_time":"2022-01-06T15:54:30+00:00","twitter_card":"summary_large_image","twitter_misc":{"Odhadovan\u00e1 doba \u010dten\u00ed":"1 minuta"},"schema":{"@context":"https:\/\/schema.org","@graph":[{"@type":"WebPage","@id":"https:\/\/www.evadavidova.cz\/en\/contact\/","url":"https:\/\/www.evadavidova.cz\/en\/contact\/","name":"Contact - Eva Davidov\u00e1","isPartOf":{"@id":"https:\/\/www.evadavidova.cz\/en\/#website"},"datePublished":"2018-03-19T14:06:38+00:00","dateModified":"2022-01-06T15:54:30+00:00","breadcrumb":{"@id":"https:\/\/www.evadavidova.cz\/en\/contact\/#breadcrumb"},"inLanguage":"cs","potentialAction":[{"@type":"ReadAction","target":["https:\/\/www.evadavidova.cz\/en\/contact\/"]}]},{"@type":"BreadcrumbList","@id":"https:\/\/www.evadavidova.cz\/en\/contact\/#breadcrumb","itemListElement":[{"@type":"ListItem","position":1,"name":"Startseite","item":"https:\/\/www.evadavidova.cz\/en\/"},{"@type":"ListItem","position":2,"name":"Contact"}]},{"@type":"WebSite","@id":"https:\/\/www.evadavidova.cz\/en\/#website","url":"https:\/\/www.evadavidova.cz\/en\/","name":"Eva Davidov\u00e1","description":"Interi\u00e9rov\u00fd design a spr\u00e1va nemovitost\u00ed.","publisher":{"@id":"https:\/\/www.evadavidova.cz\/en\/#organization"},"potentialAction":[{"@type":"SearchAction","target":{"@type":"EntryPoint","urlTemplate":"https:\/\/www.evadavidova.cz\/en\/?s={search_term_string}"},"query-input":{"@type":"PropertyValueSpecification","valueRequired":true,"valueName":"search_term_string"}}],"inLanguage":"cs"},{"@type":"Organization","@id":"https:\/\/www.evadavidova.cz\/en\/#organization","name":"Eva Davidov\u00e1","url":"https:\/\/www.evadavidova.cz\/en\/","logo":{"@type":"ImageObject","inLanguage":"cs","@id":"https:\/\/www.evadavidova.cz\/en\/#\/schema\/logo\/image\/","url":"https:\/\/www.evadavidova.cz\/en\/wp-content\/uploads\/2020\/02\/hausliving-logo.png","contentUrl":"https:\/\/www.evadavidova.cz\/en\/wp-content\/uploads\/2020\/02\/hausliving-logo.png","width":391,"height":74,"caption":"Eva Davidov\u00e1"},"image":{"@id":"https:\/\/www.evadavidova.cz\/en\/#\/schema\/logo\/image\/"},"sameAs":["https:\/\/www.facebook.com\/rekonstrukcekuchyne","https:\/\/www.linkedin.com\/in\/evadavidov\/","https:\/\/www.pinterest.com\/hausliving\/"]}]}},"_links":{"self":[{"href":"https:\/\/www.evadavidova.cz\/en\/wp-json\/wp\/v2\/pages\/2270","targetHints":{"allow":["GET"]}}],"collection":[{"href":"https:\/\/www.evadavidova.cz\/en\/wp-json\/wp\/v2\/pages"}],"about":[{"href":"https:\/\/www.evadavidova.cz\/en\/wp-json\/wp\/v2\/types\/page"}],"author":[{"embeddable":true,"href":"https:\/\/www.evadavidova.cz\/en\/wp-json\/wp\/v2\/users\/1"}],"replies":[{"embeddable":true,"href":"https:\/\/www.evadavidova.cz\/en\/wp-json\/wp\/v2\/comments?post=2270"}],"version-history":[{"count":20,"href":"https:\/\/www.evadavidova.cz\/en\/wp-json\/wp\/v2\/pages\/2270\/revisions"}],"predecessor-version":[{"id":5274,"href":"https:\/\/www.evadavidova.cz\/en\/wp-json\/wp\/v2\/pages\/2270\/revisions\/5274"}],"wp:attachment":[{"href":"https:\/\/www.evadavidova.cz\/en\/wp-json\/wp\/v2\/media?parent=2270"}],"curies":[{"name":"wp","href":"https:\/\/api.w.org\/{rel}","templated":true}]}}